{"id":382,"date":"2025-06-01T13:11:50","date_gmt":"2025-06-01T10:11:50","guid":{"rendered":"https:\/\/olhakari.com\/?page_id=382"},"modified":"2025-06-15T17:11:56","modified_gmt":"2025-06-15T14:11:56","slug":"presa","status":"publish","type":"page","link":"https:\/\/olhakari.com\/en\/presa\/","title":{"rendered":"Press"},"content":{"rendered":"<hr \/>\n<p><strong>LSM Kultura | Latvia | 2024<\/strong><br \/>\n<a href=\"https:\/\/www.lsm.lv\/raksts\/kultura\/literatura\/03.07.2024-krustins-jeb-loti-asinaina-gramata-ukrainu-rakstnieces-vestijums-sievietem-par-sievietem.a560218\/\" target=\"_blank\" rel=\"noopener\">&gt;&gt; \u00abKrusti\u0146\u0161 jeb \u013coti asi\u0146aina gr\u0101mata\u00bb \u2013 ukrai\u0146u rakstnieces v\u0113st\u012bjums sieviet\u0113m par sieviet\u0113m<\/a><\/p>\n<hr \/>\n<p><strong>SATORI | Latvia | 2024<\/strong><br \/>\n<a href=\"https:\/\/satori.lv\/article\/menesreizu-gramata\" target=\"_blank\" rel=\"noopener\">&gt;&gt; \u00abM\u0113ne\u0161rei\u017eu gr\u0101mata\u00bb<\/a><\/p>\n<hr \/>\n<p><strong>SEJAS.tvnet.lv | 2024<\/strong><br \/>\n<a href=\"https:\/\/sejas.tvnet.lv\/8052394\/gramata-sievietem-par-sievietem-krustins-jeb-loti-asinaina-gramata\" target=\"_blank\" rel=\"noopener\">&gt;&gt; Gr\u0101mata sieviet\u0113m par sieviet\u0113m \u2013 \u201cKrusti\u0146\u0161 jeb \u013coti asi\u0146aina gr\u0101mata\u201d<\/a><\/p>\n","protected":false},"excerpt":{"rendered":"<p>LSM Kultura | Latvia | 2024 &gt;&gt; \u00abKrusti\u0146\u0161 jeb \u013coti asi\u0146aina gr\u0101mata\u00bb \u2013 ukrai\u0146u rakstnieces v\u0113st\u012bjums sieviet\u0113m par sieviet\u0113m SATORI | Latvia | 2024 &gt;&gt; \u00abM\u0113ne\u0161rei\u017eu gr\u0101mata\u00bb SEJAS.tvnet.lv | 2024 &gt;&gt; Gr\u0101mata sieviet\u0113m par sieviet\u0113m \u2013 \u201cKrusti\u0146\u0161 jeb \u013coti asi\u0146aina gr\u0101mata\u201d<\/p>\n","protected":false},"author":1,"featured_media":0,"parent":0,"menu_order":0,"comment_status":"closed","ping_status":"closed","template":"","meta":[],"acf":[],"yoast_head":"<!-- This site is optimized with the Yoast SEO plugin v19.3 - https:\/\/yoast.com\/wordpress\/plugins\/seo\/ -->\n<title>Press - Olha Kari<\/title>\n<meta name=\"robots\" content=\"index, follow, max-snippet:-1, max-image-preview:large, max-video-preview:-1\" \/>\n<link rel=\"canonical\" href=\"https:\/\/olhakari.com\/en\/presa\/\" \/>\n<meta property=\"og:locale\" content=\"en_US\" \/>\n<meta property=\"og:type\" content=\"article\" \/>\n<meta property=\"og:title\" content=\"Press - Olha Kari\" \/>\n<meta property=\"og:description\" content=\"LSM Kultura | Latvia | 2024 &gt;&gt; \u00abKrusti\u0146\u0161 jeb \u013coti asi\u0146aina gr\u0101mata\u00bb \u2013 ukrai\u0146u rakstnieces v\u0113st\u012bjums sieviet\u0113m par sieviet\u0113m SATORI | Latvia | 2024 &gt;&gt; \u00abM\u0113ne\u0161rei\u017eu gr\u0101mata\u00bb SEJAS.tvnet.lv | 2024 &gt;&gt; Gr\u0101mata sieviet\u0113m par sieviet\u0113m \u2013 \u201cKrusti\u0146\u0161 jeb \u013coti asi\u0146aina gr\u0101mata\u201d\" \/>\n<meta property=\"og:url\" content=\"https:\/\/olhakari.com\/en\/presa\/\" \/>\n<meta property=\"og:site_name\" content=\"Olha Kari\" \/>\n<meta property=\"article:modified_time\" content=\"2025-06-15T14:11:56+00:00\" \/>\n<meta name=\"twitter:card\" content=\"summary_large_image\" \/>\n<script type=\"application\/ld+json\" class=\"yoast-schema-graph\">{\"@context\":\"https:\/\/schema.org\",\"@graph\":[{\"@type\":\"WebSite\",\"@id\":\"https:\/\/olhakari.com\/en\/#website\",\"url\":\"https:\/\/olhakari.com\/en\/\",\"name\":\"Olha Kari\",\"description\":\"Olga Kari\",\"potentialAction\":[{\"@type\":\"SearchAction\",\"target\":{\"@type\":\"EntryPoint\",\"urlTemplate\":\"https:\/\/olhakari.com\/en\/?s={search_term_string}\"},\"query-input\":\"required name=search_term_string\"}],\"inLanguage\":\"en-US\"},{\"@type\":\"WebPage\",\"@id\":\"https:\/\/olhakari.com\/en\/presa\/\",\"url\":\"https:\/\/olhakari.com\/en\/presa\/\",\"name\":\"Press - Olha Kari\",\"isPartOf\":{\"@id\":\"https:\/\/olhakari.com\/en\/#website\"},\"datePublished\":\"2025-06-01T10:11:50+00:00\",\"dateModified\":\"2025-06-15T14:11:56+00:00\",\"breadcrumb\":{\"@id\":\"https:\/\/olhakari.com\/en\/presa\/#breadcrumb\"},\"inLanguage\":\"en-US\",\"potentialAction\":[{\"@type\":\"ReadAction\",\"target\":[[\"https:\/\/olhakari.com\/en\/presa\/\"]]}]},{\"@type\":\"BreadcrumbList\",\"@id\":\"https:\/\/olhakari.com\/en\/presa\/#breadcrumb\",\"itemListElement\":[{\"@type\":\"ListItem\",\"position\":1,\"name\":\"\u041f\u0440\u0435\u0441\u0430\"}]}]}<\/script>\n<!-- \/ Yoast SEO plugin. -->","yoast_head_json":{"title":"Press - Olha Kari","robots":{"index":"index","follow":"follow","max-snippet":"max-snippet:-1","max-image-preview":"max-image-preview:large","max-video-preview":"max-video-preview:-1"},"canonical":"https:\/\/olhakari.com\/en\/presa\/","og_locale":"en_US","og_type":"article","og_title":"Press - Olha Kari","og_description":"LSM Kultura | Latvia | 2024 &gt;&gt; \u00abKrusti\u0146\u0161 jeb \u013coti asi\u0146aina gr\u0101mata\u00bb \u2013 ukrai\u0146u rakstnieces v\u0113st\u012bjums sieviet\u0113m par sieviet\u0113m SATORI | Latvia | 2024 &gt;&gt; \u00abM\u0113ne\u0161rei\u017eu gr\u0101mata\u00bb SEJAS.tvnet.lv | 2024 &gt;&gt; Gr\u0101mata sieviet\u0113m par sieviet\u0113m \u2013 \u201cKrusti\u0146\u0161 jeb \u013coti asi\u0146aina gr\u0101mata\u201d","og_url":"https:\/\/olhakari.com\/en\/presa\/","og_site_name":"Olha Kari","article_modified_time":"2025-06-15T14:11:56+00:00","twitter_card":"summary_large_image","schema":{"@context":"https:\/\/schema.org","@graph":[{"@type":"WebSite","@id":"https:\/\/olhakari.com\/en\/#website","url":"https:\/\/olhakari.com\/en\/","name":"Olha Kari","description":"Olga Kari","potentialAction":[{"@type":"SearchAction","target":{"@type":"EntryPoint","urlTemplate":"https:\/\/olhakari.com\/en\/?s={search_term_string}"},"query-input":"required name=search_term_string"}],"inLanguage":"en-US"},{"@type":"WebPage","@id":"https:\/\/olhakari.com\/en\/presa\/","url":"https:\/\/olhakari.com\/en\/presa\/","name":"Press - Olha Kari","isPartOf":{"@id":"https:\/\/olhakari.com\/en\/#website"},"datePublished":"2025-06-01T10:11:50+00:00","dateModified":"2025-06-15T14:11:56+00:00","breadcrumb":{"@id":"https:\/\/olhakari.com\/en\/presa\/#breadcrumb"},"inLanguage":"en-US","potentialAction":[{"@type":"ReadAction","target":[["https:\/\/olhakari.com\/en\/presa\/"]]}]},{"@type":"BreadcrumbList","@id":"https:\/\/olhakari.com\/en\/presa\/#breadcrumb","itemListElement":[{"@type":"ListItem","position":1,"name":"\u041f\u0440\u0435\u0441\u0430"}]}]}},"_links":{"self":[{"href":"https:\/\/olhakari.com\/en\/wp-json\/wp\/v2\/pages\/382"}],"collection":[{"href":"https:\/\/olhakari.com\/en\/wp-json\/wp\/v2\/pages"}],"about":[{"href":"https:\/\/olhakari.com\/en\/wp-json\/wp\/v2\/types\/page"}],"author":[{"embeddable":true,"href":"https:\/\/olhakari.com\/en\/wp-json\/wp\/v2\/users\/1"}],"replies":[{"embeddable":true,"href":"https:\/\/olhakari.com\/en\/wp-json\/wp\/v2\/comments?post=382"}],"version-history":[{"count":17,"href":"https:\/\/olhakari.com\/en\/wp-json\/wp\/v2\/pages\/382\/revisions"}],"predecessor-version":[{"id":455,"href":"https:\/\/olhakari.com\/en\/wp-json\/wp\/v2\/pages\/382\/revisions\/455"}],"wp:attachment":[{"href":"https:\/\/olhakari.com\/en\/wp-json\/wp\/v2\/media?parent=382"}],"curies":[{"name":"wp","href":"https:\/\/api.w.org\/{rel}","templated":true}]}}